{"id":14,"date":"2023-06-08T17:26:04","date_gmt":"2023-06-08T15:26:04","guid":{"rendered":"https:\/\/bossesror.se\/?page_id=14"},"modified":"2023-07-06T12:49:07","modified_gmt":"2023-07-06T10:49:07","slug":"kontakta-oss","status":"publish","type":"page","link":"https:\/\/bossesror.se\/?page_id=14","title":{"rendered":"Kontakta oss"},"content":{"rendered":"\t\t<div data-elementor-type=\"wp-page\" data-elementor-id=\"14\" class=\"elementor elementor-14\">\n\t\t\t\t\t\t\t\t\t<section class=\"elementor-section elementor-top-section elementor-element elementor-element-0b698b8 elementor-section-height-min-height elementor-section-boxed elementor-section-height-default elementor-section-items-middle\" data-id=\"0b698b8\" data-element_type=\"section\" data-settings=\"{&quot;background_background&quot;:&quot;classic&quot;}\">\n\t\t\t\t\t\t<div class=\"elementor-container elementor-column-gap-default\">\n\t\t\t\t\t<div class=\"elementor-column elementor-col-100 elementor-top-column elementor-element elementor-element-07717dd\" data-id=\"07717dd\" data-element_type=\"column\">\n\t\t\t<div class=\"elementor-widget-wrap elementor-element-populated\">\n\t\t\t\t\t\t\t\t<div class=\"elementor-element elementor-element-15250c3 elementor-widget elementor-widget-heading\" data-id=\"15250c3\" data-element_type=\"widget\" data-widget_type=\"heading.default\">\n\t\t\t\t<div class=\"elementor-widget-container\">\n\t\t\t<style>\/*! elementor - v3.13.3 - 28-05-2023 *\/\n.elementor-heading-title{padding:0;margin:0;line-height:1}.elementor-widget-heading .elementor-heading-title[class*=elementor-size-]>a{color:inherit;font-size:inherit;line-height:inherit}.elementor-widget-heading .elementor-heading-title.elementor-size-small{font-size:15px}.elementor-widget-heading .elementor-heading-title.elementor-size-medium{font-size:19px}.elementor-widget-heading .elementor-heading-title.elementor-size-large{font-size:29px}.elementor-widget-heading .elementor-heading-title.elementor-size-xl{font-size:39px}.elementor-widget-heading .elementor-heading-title.elementor-size-xxl{font-size:59px}<\/style><h2 class=\"elementor-heading-title elementor-size-xl\">Kontakta oss<\/h2>\t\t<\/div>\n\t\t\t\t<\/div>\n\t\t\t\t\t<\/div>\n\t\t<\/div>\n\t\t\t\t\t\t\t<\/div>\n\t\t<\/section>\n\t\t\t\t<section class=\"elementor-section elementor-top-section elementor-element elementor-element-4fdde2b6 elementor-section-full_width elementor-section-height-min-height elementor-section-items-stretch elementor-section-content-middle elementor-reverse-mobile elementor-reverse-tablet elementor-section-height-default\" data-id=\"4fdde2b6\" data-element_type=\"section\">\n\t\t\t\t\t\t<div class=\"elementor-container elementor-column-gap-no\">\n\t\t\t\t\t<div class=\"elementor-column elementor-col-50 elementor-top-column elementor-element elementor-element-73577d78\" data-id=\"73577d78\" data-element_type=\"column\">\n\t\t\t<div class=\"elementor-widget-wrap elementor-element-populated\">\n\t\t\t\t\t\t\t\t<div class=\"elementor-element elementor-element-251a9cfa animated-fast elementor-invisible elementor-widget elementor-widget-heading\" data-id=\"251a9cfa\" data-element_type=\"widget\" data-settings=\"{&quot;_animation&quot;:&quot;fadeIn&quot;}\" data-widget_type=\"heading.default\">\n\t\t\t\t<div class=\"elementor-widget-container\">\n\t\t\t<h1 class=\"elementor-heading-title elementor-size-default\">Ring, maila eller kom f\u00f6rbi<\/h1>\t\t<\/div>\n\t\t\t\t<\/div>\n\t\t\t\t<div class=\"elementor-element elementor-element-6481ba94 elementor-invisible elementor-widget elementor-widget-text-editor\" data-id=\"6481ba94\" data-element_type=\"widget\" data-settings=\"{&quot;_animation&quot;:&quot;fadeIn&quot;}\" data-widget_type=\"text-editor.default\">\n\t\t\t\t<div class=\"elementor-widget-container\">\n\t\t\t<style>\/*! elementor - v3.13.3 - 28-05-2023 *\/\n.elementor-widget-text-editor.elementor-drop-cap-view-stacked .elementor-drop-cap{background-color:#69727d;color:#fff}.elementor-widget-text-editor.elementor-drop-cap-view-framed .elementor-drop-cap{color:#69727d;border:3px solid;background-color:transparent}.elementor-widget-text-editor:not(.elementor-drop-cap-view-default) .elementor-drop-cap{margin-top:8px}.elementor-widget-text-editor:not(.elementor-drop-cap-view-default) .elementor-drop-cap-letter{width:1em;height:1em}.elementor-widget-text-editor .elementor-drop-cap{float:left;text-align:center;line-height:1;font-size:50px}.elementor-widget-text-editor .elementor-drop-cap-letter{display:inline-block}<\/style>\t\t\t\t<p class=\"p1\">Vi \u00e4r ett VVS-f\u00f6retag med \u00f6ver 20 \u00e5rs branscherfarenhet. Vi \u00e5tar oss jobb fr\u00e5n privatpersoner, f\u00f6retag samt f\u00f6reningar. Kontakta oss med en f\u00f6rfr\u00e5gan.<\/p>\t\t\t\t\t\t<\/div>\n\t\t\t\t<\/div>\n\t\t\t\t<div class=\"elementor-element elementor-element-39bb0767 elementor-widget elementor-widget-button\" data-id=\"39bb0767\" data-element_type=\"widget\" data-widget_type=\"button.default\">\n\t\t\t\t<div class=\"elementor-widget-container\">\n\t\t\t\t\t<div class=\"elementor-button-wrapper\">\n\t\t\t<a href=\"#\" class=\"elementor-button-link elementor-button elementor-size-sm\" role=\"button\">\n\t\t\t\t\t\t<span class=\"elementor-button-content-wrapper\">\n\t\t\t\t\t\t\t<span class=\"elementor-button-icon elementor-align-icon-left\">\n\t\t\t\t<i aria-hidden=\"true\" class=\"fas fa-phone-alt\"><\/i>\t\t\t<\/span>\n\t\t\t\t\t\t<span class=\"elementor-button-text\">070-817 65 55<\/span>\n\t\t<\/span>\n\t\t\t\t\t<\/a>\n\t\t<\/div>\n\t\t\t\t<\/div>\n\t\t\t\t<\/div>\n\t\t\t\t<div class=\"elementor-element elementor-element-1c8707f7 elementor-view-stacked elementor-shape-square elementor-widget__width-auto elementor-absolute elementor-hidden-phone animated-slow elementor-widget-tablet__width-inherit elementor-widget-mobile__width-auto elementor-invisible elementor-widget elementor-widget-icon\" data-id=\"1c8707f7\" data-element_type=\"widget\" data-settings=\"{&quot;_position&quot;:&quot;absolute&quot;,&quot;_animation&quot;:&quot;fadeInDown&quot;,&quot;_animation_delay&quot;:&quot;500&quot;}\" data-widget_type=\"icon.default\">\n\t\t\t\t<div class=\"elementor-widget-container\">\n\t\t\t\t\t<div class=\"elementor-icon-wrapper\">\n\t\t\t<a class=\"elementor-icon\" href=\"#about\">\n\t\t\t\t\t\t<\/a>\n\t\t<\/div>\n\t\t\t\t<\/div>\n\t\t\t\t<\/div>\n\t\t\t\t<div class=\"elementor-element elementor-element-24c9827 elementor-widget elementor-widget-spacer\" data-id=\"24c9827\" data-element_type=\"widget\" data-widget_type=\"spacer.default\">\n\t\t\t\t<div class=\"elementor-widget-container\">\n\t\t\t<style>\/*! elementor - v3.13.3 - 28-05-2023 *\/\n.elementor-column .elementor-spacer-inner{height:var(--spacer-size)}.e-con{--container-widget-width:100%}.e-con-inner>.elementor-widget-spacer,.e-con>.elementor-widget-spacer{width:var(--container-widget-width,var(--spacer-size));--align-self:var(--container-widget-align-self,initial);--flex-shrink:0}.e-con-inner>.elementor-widget-spacer>.elementor-widget-container,.e-con-inner>.elementor-widget-spacer>.elementor-widget-container>.elementor-spacer,.e-con>.elementor-widget-spacer>.elementor-widget-container,.e-con>.elementor-widget-spacer>.elementor-widget-container>.elementor-spacer{height:100%}.e-con-inner>.elementor-widget-spacer>.elementor-widget-container>.elementor-spacer>.elementor-spacer-inner,.e-con>.elementor-widget-spacer>.elementor-widget-container>.elementor-spacer>.elementor-spacer-inner{height:var(--container-widget-height,var(--spacer-size))}<\/style>\t\t<div class=\"elementor-spacer\">\n\t\t\t<div class=\"elementor-spacer-inner\"><\/div>\n\t\t<\/div>\n\t\t\t\t<\/div>\n\t\t\t\t<\/div>\n\t\t\t\t<div class=\"elementor-element elementor-element-0ad504f elementor-widget elementor-widget-button\" data-id=\"0ad504f\" data-element_type=\"widget\" data-widget_type=\"button.default\">\n\t\t\t\t<div class=\"elementor-widget-container\">\n\t\t\t\t\t<div class=\"elementor-button-wrapper\">\n\t\t\t<a href=\"mailto:bossesror@hotmail.com\" class=\"elementor-button-link elementor-button elementor-size-sm\" role=\"button\">\n\t\t\t\t\t\t<span class=\"elementor-button-content-wrapper\">\n\t\t\t\t\t\t\t<span class=\"elementor-button-icon elementor-align-icon-left\">\n\t\t\t\t<i aria-hidden=\"true\" class=\"far fa-envelope\"><\/i>\t\t\t<\/span>\n\t\t\t\t\t\t<span class=\"elementor-button-text\">bossesror@hotmail.com<\/span>\n\t\t<\/span>\n\t\t\t\t\t<\/a>\n\t\t<\/div>\n\t\t\t\t<\/div>\n\t\t\t\t<\/div>\n\t\t\t\t\t<\/div>\n\t\t<\/div>\n\t\t\t\t<div class=\"elementor-column elementor-col-50 elementor-top-column elementor-element elementor-element-a3170ab\" data-id=\"a3170ab\" data-element_type=\"column\" data-settings=\"{&quot;background_background&quot;:&quot;classic&quot;}\">\n\t\t\t<div class=\"elementor-widget-wrap elementor-element-populated\">\n\t\t\t\t\t\t\t\t<div class=\"elementor-element elementor-element-ee1fc20 elementor-widget elementor-widget-google_maps\" data-id=\"ee1fc20\" data-element_type=\"widget\" data-widget_type=\"google_maps.default\">\n\t\t\t\t<div class=\"elementor-widget-container\">\n\t\t\t<style>\/*! elementor - v3.13.3 - 28-05-2023 *\/\n.elementor-widget-google_maps .elementor-widget-container{overflow:hidden}.elementor-widget-google_maps .elementor-custom-embed{line-height:0}.elementor-widget-google_maps iframe{height:300px}<\/style>\t\t<div class=\"elementor-custom-embed\">\n\t\t\t<iframe loading=\"lazy\"\n\t\t\t\t\tsrc=\"https:\/\/maps.google.com\/maps?q=Bosses%20r%C3%B6r%20m%C3%B6rbyl%C3%A5nga&#038;t=m&#038;z=14&#038;output=embed&#038;iwloc=near\"\n\t\t\t\t\ttitle=\"Bosses r\u00f6r m\u00f6rbyl\u00e5nga\"\n\t\t\t\t\taria-label=\"Bosses r\u00f6r m\u00f6rbyl\u00e5nga\"\n\t\t\t><\/iframe>\n\t\t<\/div>\n\t\t\t\t<\/div>\n\t\t\t\t<\/div>\n\t\t\t\t\t<\/div>\n\t\t<\/div>\n\t\t\t\t\t\t\t<\/div>\n\t\t<\/section>\n\t\t\t\t\t\t\t<\/div>\n\t\t","protected":false},"excerpt":{"rendered":"<p>Kontakta oss Ring, maila eller kom f\u00f6rbi Vi \u00e4r ett VVS-f\u00f6retag med \u00f6ver 20 \u00e5rs branscherfarenhet. Vi \u00e5tar oss jobb fr\u00e5n privatpersoner, f\u00f6retag samt f\u00f6reningar. Kontakta oss med en f\u00f6rfr\u00e5gan. 070-817 65 55 bossesror@hotmail.com<\/p>\n","protected":false},"author":1,"featured_media":0,"parent":0,"menu_order":0,"comment_status":"closed","ping_status":"closed","template":"","meta":{"_mi_skip_tracking":false,"_monsterinsights_sitenote_active":false,"_monsterinsights_sitenote_note":"","_monsterinsights_sitenote_category":0},"yoast_head":"<!-- This site is optimized with the Yoast SEO plugin v20.8 - https:\/\/yoast.com\/wordpress\/plugins\/seo\/ -->\n<title>Kontakta oss - bossesror.se<\/title>\n<meta name=\"robots\" content=\"index, follow, max-snippet:-1, max-image-preview:large, max-video-preview:-1\" \/>\n<link rel=\"canonical\" href=\"http:\/\/bossesror.se\/?page_id=14\" \/>\n<meta property=\"og:locale\" content=\"sv_SE\" \/>\n<meta property=\"og:type\" content=\"article\" \/>\n<meta property=\"og:title\" content=\"Kontakta oss - bossesror.se\" \/>\n<meta property=\"og:description\" content=\"Kontakta oss Ring, maila eller kom f\u00f6rbi Vi \u00e4r ett VVS-f\u00f6retag med \u00f6ver 20 \u00e5rs branscherfarenhet. Vi \u00e5tar oss jobb fr\u00e5n privatpersoner, f\u00f6retag samt f\u00f6reningar. Kontakta oss med en f\u00f6rfr\u00e5gan. 070-817 65 55 bossesror@hotmail.com\" \/>\n<meta property=\"og:url\" content=\"http:\/\/bossesror.se\/?page_id=14\" \/>\n<meta property=\"og:site_name\" content=\"bossesror.se\" \/>\n<meta property=\"article:publisher\" content=\"https:\/\/www.facebook.com\/BossesRorIMorbylangaAb\" \/>\n<meta property=\"article:modified_time\" content=\"2023-07-06T10:49:07+00:00\" \/>\n<meta name=\"twitter:card\" content=\"summary_large_image\" \/>\n<meta name=\"twitter:label1\" content=\"Ber\u00e4knad l\u00e4stid\" \/>\n\t<meta name=\"twitter:data1\" content=\"1 minut\" \/>\n<script type=\"application\/ld+json\" class=\"yoast-schema-graph\">{\"@context\":\"https:\/\/schema.org\",\"@graph\":[{\"@type\":\"WebPage\",\"@id\":\"http:\/\/bossesror.se\/?page_id=14\",\"url\":\"http:\/\/bossesror.se\/?page_id=14\",\"name\":\"Kontakta oss - bossesror.se\",\"isPartOf\":{\"@id\":\"http:\/\/bossesror.se\/#website\"},\"datePublished\":\"2023-06-08T15:26:04+00:00\",\"dateModified\":\"2023-07-06T10:49:07+00:00\",\"breadcrumb\":{\"@id\":\"http:\/\/bossesror.se\/?page_id=14#breadcrumb\"},\"inLanguage\":\"sv-SE\",\"potentialAction\":[{\"@type\":\"ReadAction\",\"target\":[\"http:\/\/bossesror.se\/?page_id=14\"]}]},{\"@type\":\"BreadcrumbList\",\"@id\":\"http:\/\/bossesror.se\/?page_id=14#breadcrumb\",\"itemListElement\":[{\"@type\":\"ListItem\",\"position\":1,\"name\":\"Home\",\"item\":\"http:\/\/bossesror.se\/\"},{\"@type\":\"ListItem\",\"position\":2,\"name\":\"Kontakta oss\"}]},{\"@type\":\"WebSite\",\"@id\":\"http:\/\/bossesror.se\/#website\",\"url\":\"http:\/\/bossesror.se\/\",\"name\":\"bossesror.se\",\"description\":\"V\u00e4rme, vatten och Sanitet i M\u00f6rbyl\u00e5nga\",\"publisher\":{\"@id\":\"http:\/\/bossesror.se\/#organization\"},\"potentialAction\":[{\"@type\":\"SearchAction\",\"target\":{\"@type\":\"EntryPoint\",\"urlTemplate\":\"http:\/\/bossesror.se\/?s={search_term_string}\"},\"query-input\":\"required name=search_term_string\"}],\"inLanguage\":\"sv-SE\"},{\"@type\":\"Organization\",\"@id\":\"http:\/\/bossesror.se\/#organization\",\"name\":\"bossesror.se\",\"url\":\"http:\/\/bossesror.se\/\",\"logo\":{\"@type\":\"ImageObject\",\"inLanguage\":\"sv-SE\",\"@id\":\"http:\/\/bossesror.se\/#\/schema\/logo\/image\/\",\"url\":\"https:\/\/bossesror.se\/wp-content\/uploads\/2023\/06\/bosses_ror_logo.png\",\"contentUrl\":\"https:\/\/bossesror.se\/wp-content\/uploads\/2023\/06\/bosses_ror_logo.png\",\"width\":394,\"height\":127,\"caption\":\"bossesror.se\"},\"image\":{\"@id\":\"http:\/\/bossesror.se\/#\/schema\/logo\/image\/\"},\"sameAs\":[\"https:\/\/www.facebook.com\/BossesRorIMorbylangaAb\"]}]}<\/script>\n<!-- \/ Yoast SEO plugin. -->","yoast_head_json":{"title":"Kontakta oss - bossesror.se","robots":{"index":"index","follow":"follow","max-snippet":"max-snippet:-1","max-image-preview":"max-image-preview:large","max-video-preview":"max-video-preview:-1"},"canonical":"http:\/\/bossesror.se\/?page_id=14","og_locale":"sv_SE","og_type":"article","og_title":"Kontakta oss - bossesror.se","og_description":"Kontakta oss Ring, maila eller kom f\u00f6rbi Vi \u00e4r ett VVS-f\u00f6retag med \u00f6ver 20 \u00e5rs branscherfarenhet. Vi \u00e5tar oss jobb fr\u00e5n privatpersoner, f\u00f6retag samt f\u00f6reningar. Kontakta oss med en f\u00f6rfr\u00e5gan. 070-817 65 55 bossesror@hotmail.com","og_url":"http:\/\/bossesror.se\/?page_id=14","og_site_name":"bossesror.se","article_publisher":"https:\/\/www.facebook.com\/BossesRorIMorbylangaAb","article_modified_time":"2023-07-06T10:49:07+00:00","twitter_card":"summary_large_image","twitter_misc":{"Ber\u00e4knad l\u00e4stid":"1 minut"},"schema":{"@context":"https:\/\/schema.org","@graph":[{"@type":"WebPage","@id":"http:\/\/bossesror.se\/?page_id=14","url":"http:\/\/bossesror.se\/?page_id=14","name":"Kontakta oss - bossesror.se","isPartOf":{"@id":"http:\/\/bossesror.se\/#website"},"datePublished":"2023-06-08T15:26:04+00:00","dateModified":"2023-07-06T10:49:07+00:00","breadcrumb":{"@id":"http:\/\/bossesror.se\/?page_id=14#breadcrumb"},"inLanguage":"sv-SE","potentialAction":[{"@type":"ReadAction","target":["http:\/\/bossesror.se\/?page_id=14"]}]},{"@type":"BreadcrumbList","@id":"http:\/\/bossesror.se\/?page_id=14#breadcrumb","itemListElement":[{"@type":"ListItem","position":1,"name":"Home","item":"http:\/\/bossesror.se\/"},{"@type":"ListItem","position":2,"name":"Kontakta oss"}]},{"@type":"WebSite","@id":"http:\/\/bossesror.se\/#website","url":"http:\/\/bossesror.se\/","name":"bossesror.se","description":"V\u00e4rme, vatten och Sanitet i M\u00f6rbyl\u00e5nga","publisher":{"@id":"http:\/\/bossesror.se\/#organization"},"potentialAction":[{"@type":"SearchAction","target":{"@type":"EntryPoint","urlTemplate":"http:\/\/bossesror.se\/?s={search_term_string}"},"query-input":"required name=search_term_string"}],"inLanguage":"sv-SE"},{"@type":"Organization","@id":"http:\/\/bossesror.se\/#organization","name":"bossesror.se","url":"http:\/\/bossesror.se\/","logo":{"@type":"ImageObject","inLanguage":"sv-SE","@id":"http:\/\/bossesror.se\/#\/schema\/logo\/image\/","url":"https:\/\/bossesror.se\/wp-content\/uploads\/2023\/06\/bosses_ror_logo.png","contentUrl":"https:\/\/bossesror.se\/wp-content\/uploads\/2023\/06\/bosses_ror_logo.png","width":394,"height":127,"caption":"bossesror.se"},"image":{"@id":"http:\/\/bossesror.se\/#\/schema\/logo\/image\/"},"sameAs":["https:\/\/www.facebook.com\/BossesRorIMorbylangaAb"]}]}},"_links":{"self":[{"href":"https:\/\/bossesror.se\/index.php?rest_route=\/wp\/v2\/pages\/14"}],"collection":[{"href":"https:\/\/bossesror.se\/index.php?rest_route=\/wp\/v2\/pages"}],"about":[{"href":"https:\/\/bossesror.se\/index.php?rest_route=\/wp\/v2\/types\/page"}],"author":[{"embeddable":true,"href":"https:\/\/bossesror.se\/index.php?rest_route=\/wp\/v2\/users\/1"}],"replies":[{"embeddable":true,"href":"https:\/\/bossesror.se\/index.php?rest_route=%2Fwp%2Fv2%2Fcomments&post=14"}],"version-history":[{"count":6,"href":"https:\/\/bossesror.se\/index.php?rest_route=\/wp\/v2\/pages\/14\/revisions"}],"predecessor-version":[{"id":275,"href":"https:\/\/bossesror.se\/index.php?rest_route=\/wp\/v2\/pages\/14\/revisions\/275"}],"wp:attachment":[{"href":"https:\/\/bossesror.se\/index.php?rest_route=%2Fwp%2Fv2%2Fmedia&parent=14"}],"curies":[{"name":"wp","href":"https:\/\/api.w.org\/{rel}","templated":true}]}}